{"id":2980,"date":"2025-05-11T14:41:05","date_gmt":"2025-05-11T12:41:05","guid":{"rendered":"https:\/\/tarale.lt\/?post_type=product&#038;p=2980"},"modified":"2026-01-22T11:29:50","modified_gmt":"2026-01-22T09:29:50","slug":"video-101-kaip-kalbeti-kad-susikalbeti","status":"publish","type":"product","link":"https:\/\/tarale.lt\/en\/product\/video-101-kaip-kalbeti-kad-susikalbeti\/","title":{"rendered":"E &#8211; mokymai &#8211; &#8222;Kaip kalb\u0117tis, kad susikalb\u0117ti?&#8221;"},"content":{"rendered":"<h3><b><br \/>\nNuo &#8222;Neturiu Laiko&#8221; iki Efektyvi\u0173 Rezultat\u0173: 1:1 Pokalbi\u0173 E-mokymai Vadovams<\/b><\/h3>\n<p>&nbsp;<\/p>\n<div style=\"width: 1920px;\" class=\"wp-video\"><video class=\"wp-video-shortcode\" id=\"video-2980-1\" width=\"1920\" height=\"1080\" preload=\"metadata\" controls=\"controls\"><source type=\"video\/mp4\" src=\"https:\/\/tarale.lt\/wp-content\/uploads\/2025\/05\/Video-Kursas-101-1_pradzia-.mp4?_=1\" \/><a href=\"https:\/\/tarale.lt\/wp-content\/uploads\/2025\/05\/Video-Kursas-101-1_pradzia-.mp4\">https:\/\/tarale.lt\/wp-content\/uploads\/2025\/05\/Video-Kursas-101-1_pradzia-.mp4<\/a><\/video><\/div>\n<p>&nbsp;<\/p>\n<p><strong>Kaip kalb\u0117tis, kad susikalb\u0117ti?<\/strong><br \/>\n1:1 susitikimai \u2013 tai vienas i\u0161 daugiausiai vert\u0117s teikian\u010di\u0173 \u012franki\u0173 vadovo darbe. Jei pa\u017ead\u0117jote sau \u0161iemet tapti geresniais vadovais \u2013 dar yra laiko tai padaryti!<br \/>\n2,5 val. trukm\u0117s praktin\u0117s pamokos vadovams apie tai, kaip kalb\u0117tis, klausytis ir kurti pasitik\u0117jim\u0105 komandoje per individualius 1:1 pokalbius.<\/p>\n<p>E-mokymai, kuriuos gali \u017ei\u016br\u0117ti savo tempu.<\/p>\n<p><strong>E-mokymai skirti viduriniosios grandies vadovams:<\/strong><br \/>\n\u2013 kurie vis dar nesikalba reguliariai su komandos nariais<br \/>\n\u2013 kuri\u0173 1:1 susitikimai sausi ir trumpi<br \/>\n\u2013 kuriems norisi sustiprinti pasitik\u0117jim\u0105 savimi per 1:1 pokalbius<br \/>\n\u2013 kuriems r\u016bpi ir \u017emon\u0117s, ir rezultatas<\/p>\n<p>&nbsp;<\/p>\n<p><strong>Kur slypi problema?<br \/>\n<\/strong>1:1 susitikimai \u2013 tai pagrindinis viduriniosios grandies vadovo \u012frankis darbe.<br \/>\nRodos apie tai kalbama visuose vadov\u0173 mokymuose, ra\u0161o daugumoje knyg\u0173 bei straipsni\u0173, nuolat apie tai kalba HR specialistai, man atrodo, kad net visi vadovai apie tai \u017eino.<\/p>\n<p>Visi \u017eino, tik ne visi daro, nes kiekvienas turi savo pasiteisinim\u0105:<\/p>\n<p>\ud83d\udd39 Ka\u017ekaip &#8222;awkward&#8221; gaunasi<br \/>\n\ud83d\udd39\u00a0Jie nekalba<br \/>\n\ud83d\udd39\u00a0N\u0117ra tam laiko, yra svarbesni\u0173 darb\u0173<br \/>\n\ud83d\udd39\u00a0Mes ir taip pasikalbame (r\u016bkydami ar prie kavos)<br \/>\n\ud83d\udd39\u00a0Sud\u0117tinga kalb\u0117tis, neai\u0161ku apie k\u0105 kalb\u0117ti<br \/>\n\ud83d\udd39\u00a0Nematau prasm\u0117s, \u010dia tik HR sugalvotas formalumas<br \/>\n\ud83d\udd39\u00a0Jie galvos, kad a\u0161 kabin\u0117juosi<br \/>\n\ud83d\udd39\u00a0Mes \u010dia dirbam, o ne \u201cmeetinam\u0117s\u201d<\/p>\n<p>Koks j\u016bs\u0173 pasiteisinimas nedaryti 1:1 susitikim\u0173? \ud83e\uddd0<\/p>\n<p>&nbsp;<\/p>\n<p><strong>E-mokym\u0173 nauda<br \/>\n<\/strong>J\u016bs\u0173, kaip vadovo u\u017eduotis sukurti toki\u0105 aplink\u0105, kad \u017emon\u0117s kalb\u0117t\u0173, noriai dalint\u0173si ir b\u016bt\u0173 pilnai \u012fsitrauk\u0119, tad po \u0161i\u0173 mokym\u0173 J\u016bs:<\/p>\n<p>&#8211; Geriau suprasite 1:1 tiksl\u0105 ir vert\u0119<br \/>\n&#8211; Tur\u0117site ai\u0161kum\u0105, kaip klausti, kad sulauktum\u0117te atsakymo<br \/>\n&#8211; \u017dinosite kaip kurti pasitik\u0117jim\u0105 bei saugi\u0105 aplink\u0105<br \/>\n&#8211; Suprasite kaip u\u017etikrinti tiksl\u0173 pasiekim\u0105<br \/>\n&#8211; Tur\u0117site atsakymus, kaip kurti santyk\u012f su komandos nariais<br \/>\n&#8211; B\u016bsite labiau savimi pasitikintis pokalbi\u0173 metu.<\/p>\n<p>Geriau investuoto laiko nei \u012f reguliar\u0173\u00a0susitikim\u0105 su darbuotoju\u00a0&#8211; a\u0161 ne\u017einau. Ai\u0161ku, kalbu ne apie t\u0105 prie kavos (ir tokio laiko reikia), o apie strukt\u016bruot\u0105 pokalb\u012f, kuris u\u017etikrina rezultat\u0173 pasiekim\u0105, santykio su darbuotojais k\u016brim\u0105, darbuotoj\u0173 ugdym\u0105 ir visapusi\u0161k\u0105 veiklos t\u0119stinum\u0105.<\/p>\n<p><img loading=\"lazy\" decoding=\"async\" class=\"alignleft\" src=\"https:\/\/tarale.lt\/wp-content\/uploads\/2025\/05\/SM-00021.jpg\" width=\"557\" height=\"371\" \/><\/p>\n<p data-start=\"254\" data-end=\"562\"><strong>Mokym\u0173 autor\u0117 ir trener\u0117<\/strong><\/p>\n<p data-start=\"254\" data-end=\"562\">A\u0161 Brigita Taral\u0117 \u2013 kou\u010dingo specialist\u0117, viduriniosios grandies vadov\u0173 mentor\u0117 ir mokym\u0173 trener\u0117. Daugiau nei 12 met\u0173 pati vadovavau komandoms \u2013 nuo pardavim\u0173 iki fintech startuoli\u0173. Savo, kaip vadov\u0117s keli\u0105 prad\u0117jau nuo specialist\u0117s, kuriai teko vadovauti savo komandai. Gerai suprantu, k\u0105 rei\u0161kia ne tik siekti rezultat\u0173, bet ir spr\u0119sti \u017emogi\u0161kus komandos i\u0161\u0161\u016bkius, kai nebeu\u017etenka vien nurodym\u0173.<\/p>\n<p data-start=\"564\" data-end=\"823\">Kou\u010dingas man pad\u0117jo i\u0161sigryninti ugdan\u010dio vadovavimo krypt\u012f \u2013 kai svarbu ne tik <em data-start=\"645\" data-end=\"649\">k\u0105 ar kaip <\/em>pasakai, bet ir <em data-start=\"645\" data-end=\"649\">k\u0105 ar kaip<\/em>\u00a0i\u0161girsti. B\u016btent tai tapo pagrindu ir \u0161iems 1:1 mokymams, kurie skirti vadovams, norintiems kurti ai\u0161kius, augim\u0105 skatinan\u010dius pokalbius su komanda.<\/p>\n<p data-start=\"825\" data-end=\"1121\">Esu Tarptautin\u0117s kou\u010dingo federacijos (ICF) nar\u0117, ACC sertifikuota kou\u010dingo specialist\u0117. Per pastaruosius dvejus metus esu pravedusi daugiau nei 220 kou\u010dingo sesij\u0173, pana\u0161iai tiek mentoryst\u0117s pokalbi\u0173 ir vir\u0161 300 akademini\u0173 valand\u0173 mokym\u0173 \u2013 visa tai su viduriniosios grandies vadovais, kurie, kaip ir tu, kasdien ie\u0161ko b\u016bd\u0173 vesti komand\u0105 pirmyn.<\/p>\n<p data-start=\"1123\" data-end=\"1220\">Tikiu, kad stipr\u016bs rezultatai prasideda nuo tikro ry\u0161io \u2013 ir nuo pokalbi\u0173, kurie i\u0161 ties\u0173 kei\u010dia.<\/p>\n<p>Iki pasimatymo E-mokymuose!<\/p>\n<p>Taip kvie\u010diu sekti mano <a href=\"https:\/\/www.linkedin.com\/in\/brigita-tarale\/\">LinkedIn<\/a> paskyr\u0105 ir prisijungti prie <a href=\"https:\/\/tarale.kit.com\/naujienlaiskis\">naujienlai\u0161kio<\/a>.<\/p>\n<p>&nbsp;<\/p>","protected":false},"excerpt":{"rendered":"<div>\n<p>Praktiniai e-mokymai <b>viduriniosios grandies vadovams:\u00a0<\/b>i\u0161mokite vesti efektyvius 1:1 pokalbius, kurie kuria pasitik\u0117jim\u0105, ugdo darbuotojus ir u\u017etikrina rezultatus.<\/p>\n<ul>\n<li>2,5 val. koncentruoto video turinio: 6 detalios pamokos.<\/li>\n<li>Mokykit\u0117s savo tempu, patogiu metu.<\/li>\n<li>I\u0161kart pritaikykite prakti\u0161kai<\/li>\n<\/ul>\n<\/div>\n<div>Prieiga prie mokym\u0173 ir prisijungimo duomenys i\u0161siun\u010diami el. pa\u0161tu i\u0161kart po apmok\u0117jimo.<br \/>\n<b>Turite klausim\u0173?\u00a0<\/b>Ra\u0161ykite:\u00a0<a href=\"mailto:info@tarale.lt\" target=\"_blank\" rel=\"noopener\">info@tarale.lt<\/a><\/div>\n<p>&nbsp;<\/p>","protected":false},"featured_media":2982,"template":"","meta":{"_monsterinsights_skip_tracking":false,"_monsterinsights_sitenote_active":false,"_monsterinsights_sitenote_note":"","_monsterinsights_sitenote_category":0},"product_brand":[],"product_cat":[153],"product_tag":[156,155,154],"class_list":{"0":"post-2980","1":"product","2":"type-product","3":"status-publish","4":"has-post-thumbnail","6":"product_cat-video-mokymai","7":"product_tag-mokymai","8":"product_tag-online","9":"product_tag-video","11":"first","12":"instock","13":"downloadable","14":"virtual","15":"taxable","16":"purchasable","17":"product-type-simple"},"jetpack_sharing_enabled":true,"_links":{"self":[{"href":"https:\/\/tarale.lt\/en\/wp-json\/wp\/v2\/product\/2980","targetHints":{"allow":["GET"]}}],"collection":[{"href":"https:\/\/tarale.lt\/en\/wp-json\/wp\/v2\/product"}],"about":[{"href":"https:\/\/tarale.lt\/en\/wp-json\/wp\/v2\/types\/product"}],"wp:featuredmedia":[{"embeddable":true,"href":"https:\/\/tarale.lt\/en\/wp-json\/wp\/v2\/media\/2982"}],"wp:attachment":[{"href":"https:\/\/tarale.lt\/en\/wp-json\/wp\/v2\/media?parent=2980"}],"wp:term":[{"taxonomy":"product_brand","embeddable":true,"href":"https:\/\/tarale.lt\/en\/wp-json\/wp\/v2\/product_brand?post=2980"},{"taxonomy":"product_cat","embeddable":true,"href":"https:\/\/tarale.lt\/en\/wp-json\/wp\/v2\/product_cat?post=2980"},{"taxonomy":"product_tag","embeddable":true,"href":"https:\/\/tarale.lt\/en\/wp-json\/wp\/v2\/product_tag?post=2980"}],"curies":[{"name":"wp","href":"https:\/\/api.w.org\/{rel}","templated":true}]}}