{"id":2929,"date":"2025-05-11T13:47:41","date_gmt":"2025-05-11T11:47:41","guid":{"rendered":"https:\/\/tarale.lt\/services\/"},"modified":"2025-05-11T13:47:45","modified_gmt":"2025-05-11T11:47:45","slug":"services","status":"publish","type":"page","link":"https:\/\/tarale.lt\/en\/services\/","title":{"rendered":"Services"},"content":{"rendered":"<div class=\"wp-block-uagb-container uagb-block-56a15d56 alignfull uagb-is-root-container\"><div class=\"uagb-container-inner-blocks-wrap\">\n<div class=\"wp-block-uagb-advanced-heading uagb-block-965f75bb\"><h1 class=\"uagb-heading-text\">M\u016bs\u0173 Paslaugos<\/h1><\/div>\n<\/div><\/div>\n\n\n\n<div class=\"wp-block-uagb-container uagb-block-2d1bc6b9 alignfull uagb-is-root-container\"><div class=\"uagb-container-inner-blocks-wrap\">\n<div class=\"wp-block-uagb-container uagb-block-4ff25a12\">\n<div class=\"wp-block-uagb-image alignleft uagb-block-ec2cd076 wp-block-uagb-image--layout-default wp-block-uagb-image--effect-static wp-block-uagb-image--align-left\"><figure class=\"wp-block-uagb-image__figure\"><img decoding=\"async\" srcset=\"https:\/\/tarale.lt\/wp-content\/uploads\/2023\/07\/service-01.jpg ,https:\/\/tarale.lt\/wp-content\/uploads\/2023\/07\/service-01.jpg 780w, https:\/\/tarale.lt\/wp-content\/uploads\/2023\/07\/service-01.jpg 360w\" sizes=\"auto, (max-width: 480px) 150px\" src=\"https:\/\/tarale.lt\/wp-content\/uploads\/2023\/07\/service-01.jpg\" alt=\"\" class=\"uag-image-1168\" width=\"520\" height=\"400\" title=\"\" loading=\"lazy\" role=\"img\"\/><\/figure><\/div>\n\n\n\n<div class=\"wp-block-uagb-container uagb-block-63f1b9f4\">\n<div class=\"wp-block-uagb-info-box uagb-block-52273407 uagb-infobox__content-wrap  uagb-infobox-icon-above-title uagb-infobox-image-valign-top\"><div class=\"uagb-ifb-content\"><div class=\"uagb-ifb-title-wrap\"><span class=\"uagb-ifb-title-prefix\">01<\/span><h2 class=\"uagb-ifb-title\">Asmeninis Kou\u010dingas<\/h2><\/div><p class=\"uagb-ifb-desc\">Asmeninis kou\u010dingas suteikia galimyb\u0119 gauti individualizuot\u0105 d\u0117mes\u012f ir param\u0105 i\u0161 patyrusio kou\u010derio. Per sesijas sprend\u017eiame j\u016bs\u0173 konkre\u010dius i\u0161\u0161\u016bkius, nustatome tikslus ir kartu kuriame veiksm\u0173 planus. I\u0161moksite valdyti situacijas su pasitik\u0117jimu ir ai\u0161kumu.<\/p><\/div><\/div>\n<\/div>\n<\/div>\n\n\n\n<div class=\"wp-block-uagb-container uagb-block-e86bfd01\">\n<div class=\"wp-block-uagb-image alignright uagb-block-139c96fa wp-block-uagb-image--layout-default wp-block-uagb-image--effect-static wp-block-uagb-image--align-right\"><figure class=\"wp-block-uagb-image__figure\"><img decoding=\"async\" srcset=\"https:\/\/tarale.lt\/wp-content\/uploads\/2023\/07\/service-02.jpg ,https:\/\/tarale.lt\/wp-content\/uploads\/2023\/07\/service-02.jpg 780w, https:\/\/tarale.lt\/wp-content\/uploads\/2023\/07\/service-02.jpg 360w\" sizes=\"auto, (max-width: 480px) 150px\" src=\"https:\/\/tarale.lt\/wp-content\/uploads\/2023\/07\/service-02.jpg\" alt=\"\" class=\"uag-image-1169\" width=\"520\" height=\"400\" title=\"\" loading=\"lazy\" role=\"img\"\/><\/figure><\/div>\n\n\n\n<div class=\"wp-block-uagb-container uagb-block-c3f19e88\">\n<div class=\"wp-block-uagb-info-box uagb-block-2e8aec53 uagb-infobox__content-wrap  uagb-infobox-icon-above-title uagb-infobox-image-valign-top\"><div class=\"uagb-ifb-content\"><div class=\"uagb-ifb-title-wrap\"><span class=\"uagb-ifb-title-prefix\">02<\/span><h2 class=\"uagb-ifb-title\">Lyderyst\u0117s Seminarai<\/h2><\/div><p class=\"uagb-ifb-desc\">M\u016bs\u0173 lyderyst\u0117s seminarai apima \u012fvairias temas, tokias kaip komandos valdymas, emocin\u0117 inteligencija ir strateginis m\u0105stymas. Kiekvienas seminaras remiasi praktiniais pavyzd\u017eiais ir interaktyviomis diskusijomis, kad u\u017etikrintume, jog dalyviai gal\u0117t\u0173 pritaikyti mokymus savo kasdieniame darbe.<\/p><\/div><\/div>\n<\/div>\n<\/div>\n\n\n\n<div class=\"wp-block-uagb-container uagb-block-180f2013\">\n<div class=\"wp-block-uagb-image alignleft uagb-block-d9bb7607 wp-block-uagb-image--layout-default wp-block-uagb-image--effect-static wp-block-uagb-image--align-left\"><figure class=\"wp-block-uagb-image__figure\"><img decoding=\"async\" srcset=\"https:\/\/tarale.lt\/wp-content\/uploads\/2023\/07\/service-03.jpg ,https:\/\/tarale.lt\/wp-content\/uploads\/2023\/07\/service-03.jpg 780w, https:\/\/tarale.lt\/wp-content\/uploads\/2023\/07\/service-03.jpg 360w\" sizes=\"auto, (max-width: 480px) 150px\" src=\"https:\/\/tarale.lt\/wp-content\/uploads\/2023\/07\/service-03.jpg\" alt=\"\" class=\"uag-image-1170\" width=\"520\" height=\"400\" title=\"\" loading=\"lazy\" role=\"img\"\/><\/figure><\/div>\n\n\n\n<div class=\"wp-block-uagb-container uagb-block-4c2fe837\">\n<div class=\"wp-block-uagb-info-box uagb-block-e59a1d70 uagb-infobox__content-wrap  uagb-infobox-icon-above-title uagb-infobox-image-valign-top\"><div class=\"uagb-ifb-content\"><div class=\"uagb-ifb-title-wrap\"><span class=\"uagb-ifb-title-prefix\">03<\/span><h2 class=\"uagb-ifb-title\">Pasi\u016blym\u0173 Programa<\/h2><\/div><p class=\"uagb-ifb-desc\">Pasi\u016blym\u0173 programa teikia i\u0161samius \u012fvertinimus, kad nustatytume j\u016bs\u0173 stiprybes ir galimybes tobul\u0117ti. Kartu sukursime pl\u0117tros plan\u0105, atsi\u017evelgdami \u012f j\u016bs\u0173 tikslus ir i\u0161\u0161\u016bkius. M\u016bs\u0173 m\u0117nesiniai atsiliepimai ir vadovavimo \u012frankiai pad\u0117s jums pasiekti nuosekl\u0173 augim\u0105.<\/p><\/div><\/div>\n<\/div>\n<\/div>\n<\/div><\/div>\n\n\n\n<div class=\"wp-block-uagb-container uagb-block-e024973b alignfull uagb-is-root-container\"><div class=\"uagb-container-inner-blocks-wrap\">\n<div class=\"wp-block-uagb-advanced-heading uagb-block-01815c54\"><h2 class=\"uagb-heading-text\">K\u0105 laim\u0117site pas mus<\/h2><p class=\"uagb-desc-text\">Investuokite \u012f save ir savo komandos ateit\u012f. M\u016bs\u0173 paslaugos suteikia jums galimybes ir \u012frankius efektyviam lyderiavimui.<\/p><\/div>\n\n\n\n<div class=\"wp-block-uagb-container uagb-block-17c87fe6\">\n<div class=\"wp-block-uagb-advanced-heading uagb-block-0e2c50b3\"><div class=\"uagb-separator\"><\/div><h3 class=\"uagb-heading-text\">Pad\u0117ties gerinimas<\/h3><p class=\"uagb-desc-text\">Su m\u016bs\u0173 pagalba tapsite s\u0117kmingesniu savo srityje, padidindami savo lyderiavimo \u012fg\u016bd\u017eius. Tai atvers duris naujoms galimyb\u0117ms.<\/p><\/div>\n\n\n\n<div class=\"wp-block-uagb-advanced-heading uagb-block-fbcc919f\"><div class=\"uagb-separator\"><\/div><h3 class=\"uagb-heading-text\">Komandos efektyvumas<\/h3><p class=\"uagb-desc-text\">Skatinsime j\u016bs\u0173 komand\u0105 dirbti kartu, optimaliai pasiskirstant u\u017eduotis ir palaikant vieni kitus. Rezultatai bus daug geresni.<\/p><\/div>\n\n\n\n<div class=\"wp-block-uagb-advanced-heading uagb-block-49ce25b4\"><div class=\"uagb-separator\"><\/div><h3 class=\"uagb-heading-text\">Auk\u0161tesn\u0117 motyvacija<\/h3><p class=\"uagb-desc-text\">I\u0161moksite technik\u0173, kaip motyvuoti savo komand\u0105 ir gerinti jos nuotaik\u0105, kas bus naudinga viso kolektyvo produktyvumui.<\/p><\/div>\n<\/div>\n<\/div><\/div>","protected":false},"excerpt":{"rendered":"","protected":false},"author":1,"featured_media":0,"parent":0,"menu_order":0,"comment_status":"closed","ping_status":"closed","template":"","meta":{"_monsterinsights_skip_tracking":false,"_monsterinsights_sitenote_active":false,"_monsterinsights_sitenote_note":"","_monsterinsights_sitenote_category":0,"footnotes":""},"class_list":["post-2929","page","type-page","status-publish","hentry"],"jetpack_sharing_enabled":true,"_links":{"self":[{"href":"https:\/\/tarale.lt\/en\/wp-json\/wp\/v2\/pages\/2929","targetHints":{"allow":["GET"]}}],"collection":[{"href":"https:\/\/tarale.lt\/en\/wp-json\/wp\/v2\/pages"}],"about":[{"href":"https:\/\/tarale.lt\/en\/wp-json\/wp\/v2\/types\/page"}],"author":[{"embeddable":true,"href":"https:\/\/tarale.lt\/en\/wp-json\/wp\/v2\/users\/1"}],"replies":[{"embeddable":true,"href":"https:\/\/tarale.lt\/en\/wp-json\/wp\/v2\/comments?post=2929"}],"version-history":[{"count":3,"href":"https:\/\/tarale.lt\/en\/wp-json\/wp\/v2\/pages\/2929\/revisions"}],"predecessor-version":[{"id":2956,"href":"https:\/\/tarale.lt\/en\/wp-json\/wp\/v2\/pages\/2929\/revisions\/2956"}],"wp:attachment":[{"href":"https:\/\/tarale.lt\/en\/wp-json\/wp\/v2\/media?parent=2929"}],"curies":[{"name":"wp","href":"https:\/\/api.w.org\/{rel}","templated":true}]}}