{"id":2315,"date":"2025-04-13T17:32:12","date_gmt":"2025-04-13T15:32:12","guid":{"rendered":"https:\/\/tarale.lt\/?page_id=2315"},"modified":"2025-04-14T15:13:00","modified_gmt":"2025-04-14T13:13:00","slug":"online-product","status":"publish","type":"page","link":"https:\/\/tarale.lt\/en\/online-product\/","title":{"rendered":"PRODUCTS"},"content":{"rendered":"<div data-colibri-id=\"2315-c1\" class=\"style-1190 style-local-2315-c1 position-relative\">\n  <!---->\n  <div data-colibri-component=\"section\" data-colibri-id=\"2315-c2\" id=\"initial-content\" class=\"h-section h-section-global-spacing d-flex align-items-lg-center align-items-md-center align-items-center style-1191 style-local-2315-c2 position-relative\">\n    <!---->\n    <!---->\n    <div class=\"h-section-grid-container h-section-boxed-container\">\n      <!---->\n      <div data-colibri-id=\"2315-c3\" class=\"h-row-container gutters-row-lg-0 gutters-row-md-0 gutters-row-0 gutters-row-v-lg-0 gutters-row-v-md-0 gutters-row-v-0 style-1195 style-local-2315-c3 position-relative\">\n        <!---->\n        <div class=\"h-row justify-content-lg-center justify-content-md-center justify-content-center align-items-lg-stretch align-items-md-stretch align-items-stretch gutters-col-lg-0 gutters-col-md-0 gutters-col-0 gutters-col-v-lg-0 gutters-col-v-md-0 gutters-col-v-0\">\n          <!---->\n          <div class=\"h-column h-column-container d-flex h-col-lg-auto h-col-md-auto h-col-auto style-1196-outer style-local-2315-c4-outer\">\n            <div data-colibri-id=\"2315-c4\" class=\"d-flex h-flex-basis h-column__inner h-px-lg-2 h-px-md-2 h-px-2 v-inner-lg-2 v-inner-md-2 v-inner-2 style-1196 style-local-2315-c4 position-relative\">\n              <!---->\n              <!---->\n              <div class=\"w-100 h-y-container h-column__content h-column__v-align flex-basis-100 align-self-lg-start align-self-md-start align-self-start\">\n                <!---->\n                <div data-colibri-id=\"2315-c5\" class=\"h-global-transition-all h-heading style-1197 style-local-2315-c5 position-relative h-element\">\n                  <!---->\n                  <div class=\"h-heading__outer style-1197 style-local-2315-c5\">\n                    <!---->\n                    <!---->\n                    <h1 class=\"\"><span style=\"font-family: &quot;Open Sans&quot;; color: rgb(84, 173, 248);\">ONLINE<\/span><span style=\"color: rgb(84, 173, 248);\"> <\/span>PRODUCTS<\/h1>\n                  <\/div>\n                <\/div>\n              <\/div>\n            <\/div>\n          <\/div>\n        <\/div>\n      <\/div>\n    <\/div>\n  <\/div>\n  <div data-colibri-component=\"section\" data-colibri-id=\"2315-c6\" id=\"features\" class=\"h-section h-section-global-spacing d-flex align-items-lg-center align-items-md-center align-items-center style-1253 style-local-2315-c6 position-relative\">\n    <!---->\n    <!---->\n    <div class=\"h-section-grid-container h-section-boxed-container\">\n      <div data-colibri-id=\"2315-c26\" class=\"h-row-container gutters-row-lg-2 gutters-row-md-2 gutters-row-0 gutters-row-v-lg-2 gutters-row-v-md-2 gutters-row-v-2 style-1261 style-local-2315-c26 position-relative\">\n        <!---->\n        <div class=\"h-row justify-content-lg-center justify-content-md-center justify-content-center align-items-lg-stretch align-items-md-stretch align-items-stretch gutters-col-lg-2 gutters-col-md-2 gutters-col-0 gutters-col-v-lg-2 gutters-col-v-md-2 gutters-col-v-2\">\n          <!---->\n          <div class=\"h-column h-column-container d-flex h-col-lg-auto h-col-md-auto h-col-auto style-1262-outer style-local-2315-c27-outer\">\n            <div data-colibri-id=\"2315-c27\" class=\"d-flex h-flex-basis h-column__inner h-px-lg-2 h-px-md-2 h-px-2 v-inner-lg-2 v-inner-md-2 v-inner-2 style-1262 style-local-2315-c27 position-relative\">\n              <!---->\n              <!---->\n              <div class=\"w-100 h-y-container h-column__content h-column__v-align flex-basis-100 align-self-lg-start align-self-md-start align-self-start\">\n                <!---->\n                <div data-colibri-id=\"2315-c28\" class=\"h-lead h-text h-text-component style-1264 style-local-2315-c28 position-relative h-element\">\n                  <!---->\n                  <!---->\n                  <div class=\"\">\n                    <p>Pasirinkite jus dominan\u010di\u0105 tem\u0105 ir mokinkit\u0117s, jums patogiu laiku ir tempu.&nbsp;<\/p>\n                  <\/div>\n                <\/div>\n              <\/div>\n            <\/div>\n          <\/div>\n        <\/div>\n      <\/div>\n      <div data-colibri-id=\"2315-c7\" class=\"h-row-container gutters-row-lg-2 gutters-row-md-2 gutters-row-2 gutters-row-v-lg-2 gutters-row-v-md-2 gutters-row-v-2 style-1254 style-local-2315-c7 position-relative\">\n        <!---->\n        <div class=\"h-row justify-content-lg-center justify-content-md-center justify-content-center align-items-lg-stretch align-items-md-stretch align-items-stretch gutters-col-lg-2 gutters-col-md-2 gutters-col-2 gutters-col-v-lg-2 gutters-col-v-md-2 gutters-col-v-2\">\n          <!---->\n          <div class=\"h-column h-column-container d-flex h-col-lg-3 h-col-md-6 h-col-12 style-1255-outer style-local-2315-c8-outer\">\n            <div data-colibri-id=\"2315-c8\" class=\"d-flex h-flex-basis h-column__inner h-px-lg-3 h-px-md-3 h-px-2 v-inner-lg-3 v-inner-md-3 v-inner-2 style-1255 style-local-2315-c8 position-relative\">\n              <!---->\n              <!---->\n              <div class=\"w-100 h-y-container h-column__content h-column__v-align flex-basis-100 align-self-lg-center align-self-md-center align-self-center\">\n                <!---->\n                <div data-colibri-id=\"2315-c9\" class=\"h-icon style-1256 style-local-2315-c9 position-relative h-element\">\n                  <!----><span class=\"h-svg-icon h-icon__icon style-1256-icon style-local-2315-c9-icon\"><!--Icon by Font Awesome (https:\/\/fontawesome.com)-->\n    <svg version=\"1.1\" xmlns=\"http:\/\/www.w3.org\/2000\/svg\" xmlns:xlink=\"http:\/\/www.w3.org\/1999\/xlink\" id=\"video-camera\" viewbox=\"0 0 1792 1896.0833\">\n      <path d=\"M1792 352v1088q0 42-39 59-13 5-25 5-27 0-45-19l-403-403v166q0 119-84.5 203.5T992 1536H288q-119 0-203.5-84.5T0 1248V544q0-119 84.5-203.5T288 256h704q119 0 203.5 84.5T1280 544v165l403-402q18-19 45-19 12 0 25 5 39 17 39 59z\"><\/path>\n    <\/svg><\/span><\/div>\n                <div data-colibri-id=\"2315-c10\" class=\"h-global-transition-all h-heading style-1257 style-local-2315-c10 position-relative h-element\">\n                  <!---->\n                  <div class=\"h-heading__outer style-1257 style-local-2315-c10\">\n                    <!---->\n                    <!---->\n                    <h4 class=\"\">video mokymai<\/h4>\n                  <\/div>\n                <\/div>\n                <div data-colibri-id=\"2315-c11\" class=\"h-text h-text-component style-1258 style-local-2315-c11 position-relative h-element\">\n                  <!---->\n                  <!---->\n                  <div class=\"\">\n                    <p>Video paskaitos, seminarai ir kt. med\u017eiaga. Mokykis bet kada, bet kur \u2013 tavo tempu.<\/p>\n                  <\/div>\n                <\/div>\n                <div data-colibri-id=\"2315-c12\" class=\"h-x-container style-1259 style-local-2315-c12 position-relative h-element\">\n                  <!---->\n                  <div class=\"h-x-container-inner style-dynamic-2315-c12-group style-1259-spacing style-local-2315-c12-spacing\"><span class=\"h-button__outer style-433-outer style-local-2315-c13-outer d-inline-flex h-element\"><a h-use-smooth-scroll=\"true\" href=\"\"  data-colibri-id=\"2315-c13\" class=\"d-flex w-100 align-items-center h-button justify-content-lg-center justify-content-md-center justify-content-center style-433 style-local-2315-c13 position-relative\"><!----><span  class=\"h-svg-icon h-button__icon style-433-icon style-local-2315-c13-icon\"><!--Icon by Font Awesome (https:\/\/fontawesome.com)-->\n    <svg version=\"1.1\" xmlns=\"http:\/\/www.w3.org\/2000\/svg\" xmlns:xlink=\"http:\/\/www.w3.org\/1999\/xlink\" id=\"arrow-right\" viewbox=\"0 0 1536 1896.0833\">\n      <path d=\"M1472 960q0 54-37 91l-651 651q-39 37-91 37-51 0-90-37l-75-75q-38-38-38-91t38-91l293-293H117q-52 0-84.5-37.5T0 1024V896q0-53 32.5-90.5T117 768h704L528 474q-38-36-38-90t38-90l75-75q38-38 90-38 53 0 91 38l651 651q37 35 37 90z\"><\/path>\n    <\/svg><\/span> <span>DAUGIAU<\/span><\/a>\n                    <\/span>\n                  <\/div>\n                <\/div>\n              <\/div>\n            <\/div>\n          <\/div>\n          <div class=\"h-column h-column-container d-flex h-col-lg-3 h-col-md-6 h-col-12 style-1255-outer style-local-2315-c14-outer\">\n            <div data-colibri-id=\"2315-c14\" class=\"d-flex h-flex-basis h-column__inner h-px-lg-3 h-px-md-3 h-px-2 v-inner-lg-3 v-inner-md-3 v-inner-2 style-1255 style-local-2315-c14 position-relative\">\n              <!---->\n              <!---->\n              <div class=\"w-100 h-y-container h-column__content h-column__v-align flex-basis-100 align-self-lg-center align-self-md-center align-self-center\">\n                <!---->\n                <div data-colibri-id=\"2315-c15\" class=\"h-icon style-1256 style-local-2315-c15 position-relative h-element\">\n                  <!----><span class=\"h-svg-icon h-icon__icon style-1256-icon style-local-2315-c15-icon\"><!--Icon by Ionicons (https:\/\/ionicons.com)--><svg version=\"1.1\" xmlns=\"http:\/\/www.w3.org\/2000\/svg\" xmlns:xlink=\"http:\/\/www.w3.org\/1999\/xlink\" id=\"document-text\" viewbox=\"0 0 288 512\"><path d=\"M286 169c1 3 2 6 2 10v245c0 13-10 24-22 24H23c-12 0-23-11-23-24V88c0-13 11-24 23-24h160c3 0 6 0 9 2 2 1 5 3 7 5l84 92c2 2 2 4 3 6zM48 179v10c0 1 1 3 3 3h71c2 0 3-2 3-3v-10c0-2-1-3-3-3H51c-2 0-3 1-3 3zm0 128v10c0 1 1 3 3 3h123c2 0 2-2 2-3v-10c0-2 0-3-2-3H51c-2 0-3 1-3 3zm160 74v-10c0-2 0-3-2-3H51c-2 0-3 1-3 3v10c0 1 1 3 3 3h155c2 0 2-2 2-3zm32-128v-10c0-2 0-3-2-3H51c-2 0-3 1-3 3v10c0 1 1 3 3 3h187c2 0 2-2 2-3zm-47-75h60l-71-78v66c0 6 5 12 11 12z\"><\/path><\/svg><\/span><\/div>\n                <div\n                  data-colibri-id=\"2315-c16\" class=\"h-global-transition-all h-heading style-1257 style-local-2315-c16 position-relative h-element\">\n                  <!---->\n                  <div class=\"h-heading__outer style-1257 style-local-2315-c16\">\n                    <!---->\n                    <!---->\n                    <h4 class=\"\">mokomoji med\u017eiaga<\/h4>\n                  <\/div>\n              <\/div>\n              <div data-colibri-id=\"2315-c17\" class=\"h-text h-text-component style-1258 style-local-2315-c17 position-relative h-element\">\n                <!---->\n                <!---->\n                <div class=\"\">\n                  <p>Mokomoji med\u017eiaga, prezentacijos, bukletai, kursai ir kt.&nbsp;<\/p>\n                <\/div>\n              <\/div>\n              <div data-colibri-id=\"2315-c18\" class=\"h-x-container style-1259 style-local-2315-c18 position-relative h-element\">\n                <!---->\n                <div class=\"h-x-container-inner style-dynamic-2315-c18-group style-1259-spacing style-local-2315-c18-spacing\"><span class=\"h-button__outer style-433-outer style-local-2315-c19-outer d-inline-flex h-element\"><a h-use-smooth-scroll=\"true\" href=\"\"  data-colibri-id=\"2315-c19\" class=\"d-flex w-100 align-items-center h-button justify-content-lg-center justify-content-md-center justify-content-center style-433 style-local-2315-c19 position-relative\"><!----><span  class=\"h-svg-icon h-button__icon style-433-icon style-local-2315-c19-icon\"><!--Icon by Font Awesome (https:\/\/fontawesome.com)-->\n    <svg version=\"1.1\" xmlns=\"http:\/\/www.w3.org\/2000\/svg\" xmlns:xlink=\"http:\/\/www.w3.org\/1999\/xlink\" id=\"arrow-right\" viewbox=\"0 0 1536 1896.0833\">\n      <path d=\"M1472 960q0 54-37 91l-651 651q-39 37-91 37-51 0-90-37l-75-75q-38-38-38-91t38-91l293-293H117q-52 0-84.5-37.5T0 1024V896q0-53 32.5-90.5T117 768h704L528 474q-38-36-38-90t38-90l75-75q38-38 90-38 53 0 91 38l651 651q37 35 37 90z\"><\/path>\n    <\/svg><\/span> <span>DAUGIAU<\/span><\/a>\n                  <\/span>\n                <\/div>\n              <\/div>\n            <\/div>\n          <\/div>\n        <\/div>\n        <div class=\"h-column h-column-container d-flex h-col-lg-3 h-col-md-6 h-col-12 style-1255-outer style-local-2315-c20-outer\">\n          <div data-colibri-id=\"2315-c20\" class=\"d-flex h-flex-basis h-column__inner h-px-lg-3 h-px-md-3 h-px-2 v-inner-lg-3 v-inner-md-3 v-inner-2 style-1255 style-local-2315-c20 position-relative\">\n            <!---->\n            <!---->\n            <div class=\"w-100 h-y-container h-column__content h-column__v-align flex-basis-100 align-self-lg-center align-self-md-center align-self-center\">\n              <!---->\n              <div data-colibri-id=\"2315-c21\" class=\"h-icon style-1256 style-local-2315-c21 position-relative h-element\">\n                <!----><span class=\"h-svg-icon h-icon__icon style-1256-icon style-local-2315-c21-icon\"><!--Icon by Font Awesome (https:\/\/fontawesome.com)-->\n    <svg version=\"1.1\" xmlns=\"http:\/\/www.w3.org\/2000\/svg\" xmlns:xlink=\"http:\/\/www.w3.org\/1999\/xlink\" id=\"feed\" viewbox=\"0 0 1438.6896 1896.0833\">\n      <path d=\"M384 1344q0 80-56 136t-136 56-136-56-56-136 56-136 136-56 136 56 56 136zm512 123q2 28-17 48-18 21-47 21H697q-25 0-43-16.5t-20-41.5q-22-229-184.5-391.5T58 902q-25-2-41.5-20T0 839V704q0-29 21-47 17-17 43-17h5q160 13 306 80.5T634 902q114 113 181.5 259t80.5 306zm512 2q2 27-18 47-18 20-46 20h-143q-26 0-44.5-17.5T1137 1476q-12-215-101-408.5t-231.5-336-336-231.5T60 398q-25-1-42.5-19.5T0 335V192q0-28 20-46 18-18 44-18h3q262 13 501.5 120T994 542q187 186 294 425.5t120 501.5z\"><\/path>\n    <\/svg><\/span><\/div>\n              <div data-colibri-id=\"2315-c22\" class=\"h-global-transition-all h-heading style-1257 style-local-2315-c22 position-relative h-element\">\n                <!---->\n                <div class=\"h-heading__outer style-1257 style-local-2315-c22\">\n                  <!---->\n                  <!---->\n                  <h4 class=\"\">vie\u0161i resursai<\/h4>\n                <\/div>\n              <\/div>\n              <div data-colibri-id=\"2315-c23\" class=\"h-text h-text-component style-1258 style-local-2315-c23 position-relative h-element\">\n                <!---->\n                <!---->\n                <div class=\"\">\n                  <p>Nuorodos \u012f vie\u0161ai prieinamus resursus: podcast&#8217;ai, \u017einiatinkliai, seminarai ir kt.<\/p>\n                <\/div>\n              <\/div>\n              <div data-colibri-id=\"2315-c24\" class=\"h-x-container style-1259 style-local-2315-c24 position-relative h-element\">\n                <!---->\n                <div class=\"h-x-container-inner style-dynamic-2315-c24-group style-1259-spacing style-local-2315-c24-spacing\"><span class=\"h-button__outer style-433-outer style-local-2315-c25-outer d-inline-flex h-element\"><a h-use-smooth-scroll=\"true\" href=\"\"  data-colibri-id=\"2315-c25\" class=\"d-flex w-100 align-items-center h-button justify-content-lg-center justify-content-md-center justify-content-center style-433 style-local-2315-c25 position-relative\"><!----><span  class=\"h-svg-icon h-button__icon style-433-icon style-local-2315-c25-icon\"><!--Icon by Font Awesome (https:\/\/fontawesome.com)-->\n    <svg version=\"1.1\" xmlns=\"http:\/\/www.w3.org\/2000\/svg\" xmlns:xlink=\"http:\/\/www.w3.org\/1999\/xlink\" id=\"heart\" viewbox=\"0 0 1792 1896.0833\">\n      <path d=\"M896 1664q-26 0-44-18l-624-602q-10-8-27.5-26T145 952.5 77 855 23.5 734 0 596q0-220 127-344t351-124q62 0 126.5 21.5t120 58T820 276t76 68q36-36 76-68t95.5-68.5 120-58T1314 128q224 0 351 124t127 344q0 221-229 450l-623 600q-18 18-44 18z\"><\/path>\n    <\/svg><\/span> <span>DAUGIAU<\/span><\/a>\n                  <\/span>\n                <\/div>\n              <\/div>\n            <\/div>\n          <\/div>\n        <\/div>\n      <\/div>\n    <\/div>\n  <\/div>\n<\/div>\n<\/div>","protected":false},"excerpt":{"rendered":"<p>ONLINE PRODUKTAI Pasirinkite jus dominan\u010di\u0105 tem\u0105 ir mokinkit\u0117s, jums patogiu laiku ir tempu.&nbsp; video mokymai Video paskaitos, seminarai ir kt. med\u017eiaga. Mokykis bet kada, bet kur \u2013 tavo tempu. DAUGIAU mokomoji med\u017eiaga Mokomoji med\u017eiaga, prezentacijos, bukletai, kursai ir kt.&nbsp; DAUGIAU vie\u0161i resursai Nuorodos \u012f vie\u0161ai prieinamus resursus: podcast&#8217;ai, \u017einiatinkliai, seminarai ir kt. DAUGIAU<\/p>","protected":false},"author":1,"featured_media":0,"parent":0,"menu_order":0,"comment_status":"closed","ping_status":"closed","template":"page-templates\/full-width-page.php","meta":{"_monsterinsights_skip_tracking":false,"_monsterinsights_sitenote_active":false,"_monsterinsights_sitenote_note":"","_monsterinsights_sitenote_category":0,"footnotes":""},"class_list":["post-2315","page","type-page","status-publish","hentry"],"jetpack_sharing_enabled":true,"_links":{"self":[{"href":"https:\/\/tarale.lt\/en\/wp-json\/wp\/v2\/pages\/2315","targetHints":{"allow":["GET"]}}],"collection":[{"href":"https:\/\/tarale.lt\/en\/wp-json\/wp\/v2\/pages"}],"about":[{"href":"https:\/\/tarale.lt\/en\/wp-json\/wp\/v2\/types\/page"}],"author":[{"embeddable":true,"href":"https:\/\/tarale.lt\/en\/wp-json\/wp\/v2\/users\/1"}],"replies":[{"embeddable":true,"href":"https:\/\/tarale.lt\/en\/wp-json\/wp\/v2\/comments?post=2315"}],"version-history":[{"count":12,"href":"https:\/\/tarale.lt\/en\/wp-json\/wp\/v2\/pages\/2315\/revisions"}],"predecessor-version":[{"id":2404,"href":"https:\/\/tarale.lt\/en\/wp-json\/wp\/v2\/pages\/2315\/revisions\/2404"}],"wp:attachment":[{"href":"https:\/\/tarale.lt\/en\/wp-json\/wp\/v2\/media?parent=2315"}],"curies":[{"name":"wp","href":"https:\/\/api.w.org\/{rel}","templated":true}]}}